{"id":55,"date":"2014-03-03T20:15:58","date_gmt":"2014-03-03T18:15:58","guid":{"rendered":"http:\/\/my-proweb.de\/wordpress\/?page_id=55"},"modified":"2021-01-01T13:36:29","modified_gmt":"2021-01-01T12:36:29","slug":"10-argumente-fuer-naturstein","status":"publish","type":"page","link":"https:\/\/www.marmor-schauz.de\/?page_id=55","title":{"rendered":"10 Argumente f\u00fcr Naturstein"},"content":{"rendered":"<p>1 Naturstein fasziniert<br \/>\nNaturstein ist ein Naturprodukt, dessen individuelle Eigenschaften durch die Art und die Bindung der Mineralien bestimmt wird, aus denen der Naturstein besteht. Unter allen Baustoffen nimmt der Naturstein eine herausragende Stellung ein: Bauteile aus Naturstein sind Unikate, die sich untereinander und mit vielen anderen Materialien kombinieren lassen. Naturwerkstein ist kein uniformes Industrieprodukt, sondern zeigt seine Entstehungsgeschichte.<\/p>\n<p>2 Naturstein ist \u00f6kologisch<br \/>\nNaturwerkstein findet sich als Baustoff in nahezu fertiger Form in der Natur. F\u00fcr seine eigentliche Herstellung ist kein Energiebedarf notwendig. Lediglich bei der Gewinnung und Bearbeitung wird Energie verbraucht. Der Anteil ist jedoch im Vergleich zu anderen Baustoffen gering. Der Abbau erfolgt meist in relativ kleinen Steinbr\u00fcchen ohne gro\u00dfe Sprengungen. Der nicht verwendete Abraum kann unmittelbar zum Verf\u00fcllen abgebauter Teile des Steinbruchs eingesetzt werden. Im gesamten Kreislauf der Natursteingewinnung, -bearbeitung und -r\u00fcckf\u00fchrung an die Natur geht nichts verloren.<\/p>\n<p>3 Naturstein ist umweltvertr\u00e4glich<br \/>\nAls nat\u00fcrlicher Baustoff enth\u00e4lt Naturstein keinerlei gesundheitsgef\u00e4hrdende Schadstoffe. Naturstein kann problemlos in Lebensmittelbereichen verwendet werden. Er ist unbrennbar und entspricht der Baustoffklasse A nach DIN 4102. Auch im Brandfall werden von Natursteinen keine gesundheitssch\u00e4dlichen Stoffe freigesetzt. Naturstein ben\u00f6tigt auch keine chemischen Hilfsstoffe wie Schutzanstriche, Impr\u00e4gnierungen und Beschichtungen f\u00fcr die Verwendung als Baumaterial.<\/p>\n<p>4 Naturstein ist vielf\u00e4ltig<br \/>\nEs gibt keinen Baustoff, der so viele unterschiedliche Farben und Strukturen zeigt wie Naturstein. Diese Vielfalt wird durch verschiedene Oberfl\u00e4chenbearbeitungen nahezu unbegrenzt. Bauherren und Architekten verf\u00fcgen so \u00fcber eine breite Palette, die eine Abstimmung auf jedes gew\u00fcnschte Erscheinungsbild oder Ambiente erlaubt. Naturwerksteine werden vielfach wegen ihrer hohen optischen und technischen Qualit\u00e4ten ausgew\u00e4hlt. Naturstein steht in einer Vielzahl unterschiedlicher Farben, Strukturen und Texturen zur Verf\u00fcgung. Es gibt f\u00fcr nahezu jede Anforderung an einen Baustoff den geeigneten Naturstein.<\/p>\n<p>5 Naturstein ist individuell<br \/>\nNatursteine werden in gro\u00dfformatigen Bl\u00f6cken gewonnen und in den Natursteinbetrieben auf das gew\u00fcnschte Format geschnitten. Das Format der Natursteinplatten wird nur durch die Gr\u00f6\u00dfe der Rohbl\u00f6cke begrenzt und nicht durch Standardma\u00dfe eingeschr\u00e4nkt, die durch die Produktion vorgegeben sind. Die Formate k\u00f6nnen individuell den Bed\u00fcrfnissen der Planung angepasst werden. Ebenso sind nicht nur quadratische oder rechteckige Platten lieferbar, sondern alle beliebigen Formen. Moderne Bearbeitungsmaschinen erlauben Einlegearbeiten im Naturstein. Die Vielfalt der Gesteine sowie die individuellen Bearbeitungs- und Gestaltungsm\u00f6glichkeiten machen die Einzigartigkeit des Baustoffs aus.<\/p>\n<p>6 Naturstein ist alterungsf\u00e4hig<br \/>\nW\u00e4hrend viele Baustoffe im Laufe der Jahre unansehnlich werden, erh\u00e4lt der Naturstein eine nat\u00fcrliche Patina, die der Sch\u00f6nheit des Natursteins nicht abtr\u00e4glich ist. Viele Natursteine sind wie guter Wein: Erst mit den Jahren erhalten sie ihre volle Eleganz. Naturstein kann aber auch einfach und kosteng\u00fcnstig gereinigt werden. Selbst jahrhundertealte Bodenbel\u00e4ge aus Naturstein k\u00f6nnen abgeschliffen und somit wieder in den Originalzustand gebracht werden. Die Lebensdauer von Natursteinen ist extrem hoch. Bei der richtigen Planung und Ausf\u00fchrung halten Geb\u00e4ude aus Naturstein nachweisbar viele tausend Jahre.<\/p>\n<p>7 Naturstein ist dreidimensional<br \/>\nNeben den Plattenformaten k\u00f6nnen auch beliebige Massivsteine hergestellt werden. Durch das Einfr\u00e4sen von Nuten und Kanneluren in den Steinoberfl\u00e4chen werden interessante Licht- und Schatteneffekte erzielt. An einer Fassade angebracht strahlen so bearbeitete Platten Kraft und Massivit\u00e4t aus. Massive Bauteile wie Gesimse, Umrahmungen und Pfosten erm\u00f6g-lichen eine \u00e4sthetische Gliederung.<\/p>\n<p>8 Naturstein ist kosteng\u00fcnstig<br \/>\nBetrachtet man die Gesamtkosten eines Baustoffs \u00fcber eine Nutzungsdauer von 30 Jahren und mehr, beweisen unabh\u00e4ngige Untersuchungen, dass Naturstein nicht teurer als vergleichbare k\u00fcnstliche Baustoffe ist. Den relativ hohen Investitionskosten stehen die langfristig g\u00fcnstigen Unterhaltskosten sowie die hohe Lebensdauer gegen\u00fcber. Der Aufwand f\u00fcr Reinigungs- und Wartungskosten ist bei Naturstein gering.<\/p>\n<p>9 Naturstein ist physikalisch sinnvoll<br \/>\nNaturstein weist eine sehr gute W\u00e4rmeleitf\u00e4higkeit und eine hohe W\u00e4rmespeicherkapazit\u00e4t auf. Als Fassadenmaterial absorbiert Naturstein die W\u00e4rmestrahlung der Sonne und verhindert die ungewollte Aufheizung des Geb\u00e4udes. Untersuchungen belegen, dass der Energiebedarf von Hochh\u00e4usern mit Steinfassaden bei 100\u2013150 kWh\/m2 liegt, wohingegen bei Glasfassaden ein Energiebedarf f\u00fcr die erforderliche Heizung und K\u00fchlung von 300\u2013700 kWh\/m2 erforderlich ist.<\/p>\n<p>10 Naturstein ist belastbar<br \/>\nDie hohen Druckfestigkeiten vieler Natursteine haben dem Material den Ruf des ewigen Baustoffs verschafft. Nur die sogenannten nicht rostenden St\u00e4hle, die produktionsbedingt kostspielig sind, erreichen die Haltbarkeit von Natursteinen. Auch bei den Boden-bel\u00e4gen kann Naturstein die h\u00f6chste Belastbarkeit und die geringsten Abriebswerte aufweisen. Bei Bel\u00e4gen aus Granit oder \u00e4hnlichen Hartgesteinen sind auch nach Jahrzehnten kaum Nutzungsspuren sichtbar.<\/p>\n<p>Quelle: <a href=\"http:\/\/www.stonereport.com\/ihtm\/detail-d.htm?aclnews=10:0:688:::0:367:\">STONE-Report vom 01.Jan. 2006<\/a><\/p>\n","protected":false},"excerpt":{"rendered":"<p>1 Naturstein fasziniert Naturstein ist ein Naturprodukt, dessen individuelle Eigenschaften durch die Art und die Bindung der Mineralien bestimmt wird, aus denen der Naturstein besteht. Unter allen Baustoffen nimmt der Naturstein eine herausragende Stellung ein: Bauteile aus Naturstein sind Unikate,<\/p>\n","protected":false},"author":3,"featured_media":0,"parent":0,"menu_order":0,"comment_status":"closed","ping_status":"closed","template":"","meta":{"_vp_format_video_url":"","_vp_image_focal_point":[],"footnotes":""},"class_list":["post-55","page","type-page","status-publish","hentry"],"_links":{"self":[{"href":"https:\/\/www.marmor-schauz.de\/index.php?rest_route=\/wp\/v2\/pages\/55","targetHints":{"allow":["GET"]}}],"collection":[{"href":"https:\/\/www.marmor-schauz.de\/index.php?rest_route=\/wp\/v2\/pages"}],"about":[{"href":"https:\/\/www.marmor-schauz.de\/index.php?rest_route=\/wp\/v2\/types\/page"}],"author":[{"embeddable":true,"href":"https:\/\/www.marmor-schauz.de\/index.php?rest_route=\/wp\/v2\/users\/3"}],"replies":[{"embeddable":true,"href":"https:\/\/www.marmor-schauz.de\/index.php?rest_route=%2Fwp%2Fv2%2Fcomments&post=55"}],"version-history":[{"count":1,"href":"https:\/\/www.marmor-schauz.de\/index.php?rest_route=\/wp\/v2\/pages\/55\/revisions"}],"predecessor-version":[{"id":56,"href":"https:\/\/www.marmor-schauz.de\/index.php?rest_route=\/wp\/v2\/pages\/55\/revisions\/56"}],"wp:attachment":[{"href":"https:\/\/www.marmor-schauz.de\/index.php?rest_route=%2Fwp%2Fv2%2Fmedia&parent=55"}],"curies":[{"name":"wp","href":"https:\/\/api.w.org\/{rel}","templated":true}]}}