{"id":2,"date":"2013-03-09T16:18:50","date_gmt":"2013-03-09T14:18:50","guid":{"rendered":"http:\/\/my-proweb.de\/wordpress\/?page_id=2"},"modified":"2021-01-01T13:36:29","modified_gmt":"2021-01-01T12:36:29","slug":"beispiel-seite","status":"publish","type":"page","link":"https:\/\/www.marmor-schauz.de\/?page_id=2","title":{"rendered":"Firmengeschichte"},"content":{"rendered":"<p>Der Name Schauz steht seit Jahrzehnten in Sontheim f\u00fcr gute handwerkliche Qualit\u00e4t.<\/p>\n<p>Im Jahr 1921 \u00fcbernahm Johann Michael Schauz von seinem Schwiegervater Johannes Merkle das Familienunternehmen. Er selber kam eigentlich aus einer Schreiner und Sch\u00e4fer Familie lernte aber im Baugesch\u00e4ft seines Schwiegervaters das Maurerhandwerk.<\/p>\n<p>Er f\u00fchrte das Unternehmen bis ins Jahr 1967 als er das Unternehmen zwischen 2 seiner S\u00f6hne aufteilte. Der \u00e4lteste Sohn Bernhard Schauz \u00fcbernahm den Steinmetz und Fliesenleger Bereich der Firma. Daf\u00fcr legte er zuerst die Gesellenpr\u00fcfungen als Maurer sowie als Steinmetz &amp; Steinbildhauer im Jahre 1941 ab, ehe er 1951 den Meistertitel als Maurer machte.<\/p>\n<p>Seit 1996 \u00fcbernimmt sein \u00e4ltester Sohn Heinz-J\u00fcrgen Schauz den Steinmetzbetrieb. Seine Meisterpr\u00fcfung legte er im Jahre 1976 in Freiburg ab. Heute arbeitet sein Sohn Martin Schauz mit im Betrieb der im Jahr 2011 ebenfalls die Meisterpr\u00fcfung als Steinmetz &amp; Steinbildhauer in Freiburg ablegte.<\/p>\n","protected":false},"excerpt":{"rendered":"<p>Der Name Schauz steht seit Jahrzehnten in Sontheim f\u00fcr gute handwerkliche Qualit\u00e4t. Im Jahr 1921 \u00fcbernahm Johann Michael Schauz von seinem Schwiegervater Johannes Merkle das Familienunternehmen. Er selber kam eigentlich aus einer Schreiner und Sch\u00e4fer Familie lernte aber im Baugesch\u00e4ft<\/p>\n","protected":false},"author":3,"featured_media":0,"parent":0,"menu_order":0,"comment_status":"closed","ping_status":"closed","template":"","meta":{"_vp_format_video_url":"","_vp_image_focal_point":[],"footnotes":""},"class_list":["post-2","page","type-page","status-publish","hentry"],"_links":{"self":[{"href":"https:\/\/www.marmor-schauz.de\/index.php?rest_route=\/wp\/v2\/pages\/2","targetHints":{"allow":["GET"]}}],"collection":[{"href":"https:\/\/www.marmor-schauz.de\/index.php?rest_route=\/wp\/v2\/pages"}],"about":[{"href":"https:\/\/www.marmor-schauz.de\/index.php?rest_route=\/wp\/v2\/types\/page"}],"author":[{"embeddable":true,"href":"https:\/\/www.marmor-schauz.de\/index.php?rest_route=\/wp\/v2\/users\/3"}],"replies":[{"embeddable":true,"href":"https:\/\/www.marmor-schauz.de\/index.php?rest_route=%2Fwp%2Fv2%2Fcomments&post=2"}],"version-history":[{"count":3,"href":"https:\/\/www.marmor-schauz.de\/index.php?rest_route=\/wp\/v2\/pages\/2\/revisions"}],"predecessor-version":[{"id":78,"href":"https:\/\/www.marmor-schauz.de\/index.php?rest_route=\/wp\/v2\/pages\/2\/revisions\/78"}],"wp:attachment":[{"href":"https:\/\/www.marmor-schauz.de\/index.php?rest_route=%2Fwp%2Fv2%2Fmedia&parent=2"}],"curies":[{"name":"wp","href":"https:\/\/api.w.org\/{rel}","templated":true}]}}